{"id":7,"date":"2024-06-21T20:31:59","date_gmt":"2024-06-21T20:31:59","guid":{"rendered":"https:\/\/ladowarki-toyo.pl\/?page_id=7"},"modified":"2024-09-25T19:58:32","modified_gmt":"2024-09-25T19:58:32","slug":"strona-glowna","status":"publish","type":"page","link":"https:\/\/ladowarki-toyo.pl\/","title":{"rendered":"Strona glowna"},"content":{"rendered":"<div class=\"brz-root__container brz-reset-all brz\">\n<section id=\"_jFOBMiYL0nDz\" class=\"brz-section brz-css-y2NGl\">\n<div class=\"brz-section__content brz-section--boxed brz-css-gCIjs brz-css-rrKCj\" data-brz-custom-id=\"io3NGiVHImhL\">\n<div class=\"brz-container brz-css-juNCx\">\n<div class=\"brz-row__container brz-css-kgjDv\" data-brz-custom-id=\"tN5tvRLl5dpV\">\n<div class=\"brz-bg\"><\/div>\n<div class=\"brz-row brz-css-ikfAV brz-css-pdQKV\">\n<div class=\"brz-columns brz-css-fCzqe brz-css-viKU0\" data-brz-custom-id=\"xqGw0VR0PNe1\">\n<div class=\"brz-bg\"><\/div>\n<div class=\"brz-column__items brz-css-wrOnu\">\n<div id=\"\" class=\"brz-css-yOJVk brz-css-ro0aO brz-wrapper\">\n<div class=\"brz-image brz-css-d4wXi\" data-brz-custom-id=\"v7kYYSFPsFHB\"><a class=\"brz-a\" href=\"\/\" target=\"_self\" rel=\"noopener\" data-brz-link-type=\"external\"><picture class=\"brz-picture brz-d-block brz-p-relative brz-css-s_u5F\"><source srcset=\"https:\/\/ladowarki-toyo.pl\/wp-content\/uploads\/brizy\/imgs\/aureus-agro-197x61x1x0x194x61x1719002104.png 1x, https:\/\/ladowarki-toyo.pl\/wp-content\/uploads\/brizy\/imgs\/aureus-agro-394x122x2x0x388x122x1719002104.png 2x\" media=\"(min-width: 992px)\"><source srcset=\"https:\/\/ladowarki-toyo.pl\/wp-content\/uploads\/brizy\/imgs\/aureus-agro-303x94x0x0x303x93x1719002104.png 1x, https:\/\/ladowarki-toyo.pl\/wp-content\/uploads\/brizy\/imgs\/aureus-agro-606x188x0x0x606x186x1719002104.png 2x\" media=\"(min-width: 768px)\"><img decoding=\"async\" class=\"brz-img\" srcset=\"https:\/\/ladowarki-toyo.pl\/wp-content\/uploads\/brizy\/imgs\/aureus-agro-220x68x20x0x181x68x1719002104.png 1x, https:\/\/ladowarki-toyo.pl\/wp-content\/uploads\/brizy\/imgs\/aureus-agro-440x136x40x0x362x136x1719002104.png 2x\" src=\"https:\/\/ladowarki-toyo.pl\/wp-content\/uploads\/brizy\/imgs\/aureus-agro-197x61x1x0x194x61x1719002104.png\" alt=\"\" draggable=\"false\" loading=\"lazy\"><\/picture><\/a><\/div>\n<\/div>\n<\/div>\n<\/div>\n<div class=\"brz-columns brz-css-fCzqe brz-css-eMuXB\" data-brz-custom-id=\"ufWiQSYTkaY2\">\n<div class=\"brz-bg\"><\/div>\n<div class=\"brz-column__items brz-css-wrOnu\">\n<div id=\"\" class=\"brz-css-yOJVk brz-wrapper\">\n<div class=\"brz-rich-text brz-rich-text__custom brz-css-eKA16\" data-brz-custom-id=\"vjQz1UKqdlcK\">\n<div data-brz-translate-text=\"1\">\n<p class=\"brz-fs-lg-23 brz-ft-google brz-ff-lato brz-tp-lg-empty brz-lh-lg-1_3 brz-ls-lg-0 brz-fw-lg-400 brz-fss-lg-px brz-text-lg-center brz-css-jdysX\" data-generated-css=\"brz-css-j1LN0\" data-uniq-id=\"jCJJa\"><strong style=\"color: rgb(0, 0, 0);\">tel. +48 729 062 058<\/strong><\/p>\n<p data-uniq-id=\"hmcF4\" data-generated-css=\"brz-css-hzlFN\" class=\"brz-text-lg-center brz-css-dXog8\">e-mail: kontakt@aureusagro.pl<\/p>\n<\/div>\n<\/div>\n<\/div>\n<\/div>\n<\/div>\n<\/div>\n<\/div>\n<\/div>\n<\/div>\n<\/section>\n<section id=\"_pvQc1tUwX7fU\" class=\"brz-section brz-css-y2NGl\">\n<div class=\"brz-section__content brz-section--fullWidth brz-css-gCIjs brz-css-op6D5\" data-brz-custom-id=\"dkEAG01t4LHn\">\n<div class=\"brz-container brz-css-juNCx brz-css-r_5lq\">\n<div class=\"brz-row__container brz-css-kgjDv\" data-brz-custom-id=\"ulyZiwhNxWab\">\n<div class=\"brz-bg\"><\/div>\n<div class=\"brz-row brz-css-ikfAV brz-css-pdQKV\">\n<div class=\"brz-columns brz-css-fCzqe brz-css-sU4Ys large-image\" data-brz-custom-id=\"oDDnEG8QBrQh\">\n<div class=\"brz-bg\">\n<div class=\"brz-bg-image\"><\/div>\n<div class=\"brz-bg-color\"><\/div>\n<\/div>\n<div class=\"brz-column__items brz-css-wrOnu brz-css-oyZR8\">\n<div id=\"\" class=\"brz-css-yOJVk brz-css-ri5TD brz-wrapper\">\n<div class=\"brz-spacer brz-css-qATc5 brz-css-oNtjg\"><\/div>\n<\/div>\n<div id=\"\" class=\"brz-css-yOJVk brz-wrapper\">\n<div class=\"brz-rich-text brz-rich-text__custom brz-css-eKA16\" data-brz-custom-id=\"nkamHqBsu5Y1\">\n<div data-brz-translate-text=\"1\">\n<p class=\"brz-fs-xs-25 brz-ls-im-4 brz-ls-lg-1 brz-fw-im-900 brz-fw-lg-900 brz-ff-montserrat brz-lh-im-1_3 brz-lh-lg-1_3 brz-text-lg-center brz-fs-lg-38 brz-css-bpNAw\"><em class=\"brz-cp-color8\">\u0141adowarki<\/em><\/p>\n<p class=\"brz-fs-xs-25 brz-ls-im-4 brz-ls-lg-1 brz-fw-im-900 brz-fw-lg-900 brz-ff-montserrat brz-lh-im-1_3 brz-lh-lg-1_3 brz-text-lg-center brz-fs-lg-60 brz-css-lapPr\"><em class=\"brz-cp-color8\">Striegel<\/em><\/p>\n<\/div>\n<\/div>\n<\/div>\n<div class=\"brz-wrapper-clone brz-css-zZYMq\">\n<div class=\"brz-d-xs-flex brz-flex-xs-wrap brz-css-wbpRA\" data-brz-custom-id=\"\">\n<div class=\"brz-wrapper-clone__item\" id=\"nLOHr4AuiFAU\"><a class=\"brz-a brz-btn brz-css-jq07C brz-css-yhiK8 brz-css-t0vYg brz-css-uWrOR\" href=\"https:\/\/www.ladowarkistriegel.pl\/\" target=\"_self\" rel=\"noopener\" data-brz-link-type=\"external\" data-brz-custom-id=\"nLOHr4AuiFAU\"><span data-brz-translate-text=\"1\" class=\"brz-span brz-text__editor\" contenteditable=\"false\">DOWIEDZ SI\u0118 WI\u0118CEJ<\/span><\/a><\/div>\n<\/div>\n<\/div>\n<div id=\"\" class=\"brz-css-yOJVk brz-css-ri5TD brz-wrapper\">\n<div class=\"brz-spacer brz-css-qATc5 brz-css-jTH_z\"><\/div>\n<\/div>\n<\/div>\n<\/div>\n<div class=\"brz-columns brz-css-fCzqe brz-css-rtlCM large-image\" data-brz-custom-id=\"sCamsB1bEuZr\">\n<div class=\"brz-bg\">\n<div class=\"brz-bg-image\"><\/div>\n<div class=\"brz-bg-color\"><\/div>\n<\/div>\n<div class=\"brz-column__items brz-css-wrOnu brz-css-l2SU4\">\n<div id=\"\" class=\"brz-css-yOJVk brz-css-ri5TD brz-wrapper\">\n<div class=\"brz-spacer brz-css-qATc5 brz-css-pJpih\"><\/div>\n<\/div>\n<div id=\"\" class=\"brz-css-yOJVk brz-wrapper\">\n<div class=\"brz-rich-text brz-rich-text__custom brz-css-eKA16\" data-brz-custom-id=\"bzyNSD6g_JL1\">\n<div data-brz-translate-text=\"1\">\n<p class=\"brz-fs-lg-38 brz-text-lg-center brz-lh-lg-1_3 brz-ff-montserrat brz-fw-lg-900 brz-ls-lg-1 brz-fs-xs-25 brz-css-cdg7c\" data-uniq-id=\"gejve\" data-generated-css=\"brz-css-sanky\"><em class=\"brz-cp-color8\">\u0141adowarki<\/em><\/p>\n<p class=\"brz-fs-lg-60 brz-text-lg-center brz-lh-lg-1_3 brz-ff-montserrat brz-fw-lg-900 brz-ls-lg-1 brz-fs-xs-25 brz-css-roMkO\" data-uniq-id=\"djoyc\" data-generated-css=\"brz-css-dvhld\"><em class=\"brz-cp-color8\">Eurotrac<\/em><\/p>\n<\/div>\n<\/div>\n<\/div>\n<div class=\"brz-wrapper-clone brz-css-zZYMq\">\n<div class=\"brz-d-xs-flex brz-flex-xs-wrap brz-css-wbpRA\" data-brz-custom-id=\"\">\n<div class=\"brz-wrapper-clone__item\" id=\"mJMziSMzDfxh\"><a class=\"brz-a brz-btn brz-css-jq07C brz-css-g9AcO brz-css-t0vYg brz-css-llXhY\" href=\"https:\/\/ladowarki-toyo.pl\/wp-content\/uploads\/2024\/06\/ladowarki-przegubowe-eurotrac.pdf\" target=\"_blank\" rel=\"noopener\" data-brz-link-type=\"external\" data-brz-custom-id=\"mJMziSMzDfxh\"><span data-brz-translate-text=\"1\" class=\"brz-span brz-text__editor\" contenteditable=\"false\">DOWIEDZ SI\u0118 WI\u0118CEJ<\/span><\/a><\/div>\n<\/div>\n<\/div>\n<div id=\"\" class=\"brz-css-yOJVk brz-css-ri5TD brz-wrapper\">\n<div class=\"brz-spacer brz-css-qATc5 brz-css-uKy8G\"><\/div>\n<\/div>\n<\/div>\n<\/div>\n<div class=\"brz-columns brz-css-fCzqe brz-css-n9DhG large-image\" data-brz-custom-id=\"hYQ9SRFia8Fn\">\n<div class=\"brz-bg\">\n<div class=\"brz-bg-image\"><\/div>\n<div class=\"brz-bg-color\"><\/div>\n<\/div>\n<div class=\"brz-column__items brz-css-wrOnu brz-css-r1t3X\">\n<div id=\"\" class=\"brz-css-yOJVk brz-css-ri5TD brz-wrapper\">\n<div class=\"brz-spacer brz-css-qATc5 brz-css-pEx3M\"><\/div>\n<\/div>\n<div id=\"\" class=\"brz-css-yOJVk brz-wrapper\">\n<div class=\"brz-rich-text brz-rich-text__custom brz-css-eKA16\" data-brz-custom-id=\"uRo_oFMwTSih\">\n<div data-brz-translate-text=\"1\">\n<p class=\"brz-fs-lg-38 brz-text-lg-center brz-lh-lg-1_3 brz-ff-montserrat brz-fw-lg-900 brz-ls-lg-1 brz-fs-xs-25 brz-css-beeE3\" data-uniq-id=\"nsrfl\" data-generated-css=\"brz-css-ldagl\"><em class=\"brz-cp-color8\">\u0141adowarki<\/em><\/p>\n<p class=\"brz-fs-lg-60 brz-text-lg-center brz-lh-lg-1_3 brz-ff-montserrat brz-fw-lg-900 brz-ls-lg-1 brz-fs-xs-25 brz-css-cKmtP\" data-uniq-id=\"hsuus\" data-generated-css=\"brz-css-flgmc\"><em class=\"brz-cp-color8\">Wolf<\/em><\/p>\n<\/div>\n<\/div>\n<\/div>\n<div class=\"brz-wrapper-clone brz-css-zZYMq\">\n<div class=\"brz-d-xs-flex brz-flex-xs-wrap brz-css-wbpRA\" data-brz-custom-id=\"\">\n<div class=\"brz-wrapper-clone__item\" id=\"sa8bfc5LKhMC\"><a class=\"brz-a brz-btn brz-css-jq07C brz-css-jJ5ZQ brz-css-t0vYg brz-css-xdz9z\" href=\"https:\/\/ladowarki-toyo.pl\/wp-content\/uploads\/2024\/06\/ladowarki-przegubowe-wolf.pdf\" target=\"_blank\" rel=\"noopener\" data-brz-link-type=\"external\" data-brz-custom-id=\"sa8bfc5LKhMC\"><span data-brz-translate-text=\"1\" class=\"brz-span brz-text__editor\" contenteditable=\"false\">DOWIEDZ SI\u0118 WI\u0118CEJ<\/span><\/a><\/div>\n<\/div>\n<\/div>\n<div id=\"\" class=\"brz-css-yOJVk brz-css-ri5TD brz-wrapper\">\n<div class=\"brz-spacer brz-css-qATc5 brz-css-qaRLU\"><\/div>\n<\/div>\n<\/div>\n<\/div>\n<\/div>\n<\/div>\n<\/div>\n<\/div>\n<\/section>\n<section id=\"_asFqT1P9CMTF\" class=\"brz-section brz-css-y2NGl\">\n<div class=\"brz-section__content brz-section--boxed brz-css-gCIjs brz-css-wcLKl\" data-brz-custom-id=\"fozVv6GA4DN3\">\n<div class=\"brz-bg\">\n<div class=\"brz-bg-color\"><\/div>\n<\/div>\n<div class=\"brz-container brz-css-juNCx\">\n<div class=\"brz-row__container brz-css-kgjDv\" data-brz-custom-id=\"p4zr9FS2XQxj\">\n<div class=\"brz-bg\"><\/div>\n<div class=\"brz-row brz-css-ikfAV brz-css-pdQKV\">\n<div class=\"brz-columns brz-css-fCzqe brz-css-jtyTN\" data-brz-custom-id=\"q0RlU341WhAm\">\n<div class=\"brz-bg\"><\/div>\n<div class=\"brz-column__items brz-css-wrOnu brz-css-rHdNN\">\n<div id=\"\" class=\"brz-css-yOJVk brz-wrapper\">\n<div class=\"brz-image brz-css-juLdQ\" data-brz-custom-id=\"mEOxYY4KWMyK\"><picture class=\"brz-picture brz-d-block brz-p-relative brz-css-mxaFR\"><source srcset=\"https:\/\/ladowarki-toyo.pl\/wp-content\/uploads\/brizy\/imgs\/aureus-agro-278x89x0x0x278x89x1719002058.png 1x, https:\/\/ladowarki-toyo.pl\/wp-content\/uploads\/brizy\/imgs\/aureus-agro-556x178x0x0x556x178x1719002058.png 2x\" media=\"(min-width: 992px)\"><source srcset=\"https:\/\/ladowarki-toyo.pl\/wp-content\/uploads\/brizy\/imgs\/aureus-agro-177x57x0x0x177x57x1719002058.png 1x, https:\/\/ladowarki-toyo.pl\/wp-content\/uploads\/brizy\/imgs\/aureus-agro-354x114x0x0x354x114x1719002058.png 2x\" media=\"(min-width: 768px)\"><img decoding=\"async\" class=\"brz-img\" srcset=\"https:\/\/ladowarki-toyo.pl\/wp-content\/uploads\/brizy\/imgs\/aureus-agro-215x69x0x0x215x69x1719002058.png 1x, https:\/\/ladowarki-toyo.pl\/wp-content\/uploads\/brizy\/imgs\/aureus-agro-430x138x0x0x430x138x1719002058.png 2x\" src=\"https:\/\/ladowarki-toyo.pl\/wp-content\/uploads\/brizy\/imgs\/aureus-agro-278x89x0x0x278x89x1719002058.png\" alt=\"\" draggable=\"false\" loading=\"lazy\"><\/picture><\/div>\n<\/div>\n<\/div>\n<\/div>\n<div class=\"brz-columns brz-css-fCzqe\" data-brz-custom-id=\"gT79U7SCHE6J\">\n<div class=\"brz-bg\"><\/div>\n<div class=\"brz-column__items brz-css-wrOnu brz-css-ogRW5\">\n<div id=\"\" class=\"brz-css-yOJVk brz-css-rX21A brz-wrapper\">\n<div class=\"brz-rich-text brz-rich-text__custom brz-css-eKA16\" data-brz-custom-id=\"xfyrgnwzNNcf\">\n<div data-brz-translate-text=\"1\">\n<p class=\"brz-text-lg-left brz-fw-lg-300 brz-ff-poppins brz-text-xs-center brz-text-sm-center brz-css-dJkcG\" data-generated-css=\"brz-css-qxuuS\" data-uniq-id=\"pAiqq\"><strong style=\"color: rgb(255, 255, 255);\">Aureus Agro sp. z o.o. <\/strong><\/p>\n<p class=\"brz-lh-lg-1_5 brz-ls-lg-0 brz-fw-lg-300 brz-fss-lg-px brz-fs-lg-14 brz-ft-google brz-ff-poppins brz-tp-lg-empty brz-text-sm-center brz-fs-sm-13 brz-fs-xs-14 brz-lh-sm-1_7 brz-text-xs-center brz-fw-xs-300 brz-lh-xs-1_7 brz-fw-sm-300 brz-text-lg-justify brz-css-p2ZoE\" data-generated-css=\"brz-css-p2z4H\" data-uniq-id=\"mrkME\"><span style=\"color: rgb(255, 255, 255);\"> <\/span><\/p>\n<p class=\"brz-lh-lg-1_5 brz-ls-lg-0 brz-fw-lg-300 brz-fss-lg-px brz-fs-lg-14 brz-ft-google brz-ff-poppins brz-tp-lg-empty brz-text-sm-center brz-fs-sm-13 brz-fs-xs-14 brz-lh-sm-1_7 brz-text-xs-center brz-fw-xs-300 brz-lh-xs-1_7 brz-fw-sm-300 brz-text-lg-justify brz-css-j8hOP\" data-generated-css=\"brz-css-zf5Sq\" data-uniq-id=\"iA_Mo\"><span style=\"color: rgb(255, 255, 255);\">b\u0105d\u0105cy cz\u0119\u015bci\u0105 grupy <\/span><a class=\"link--external\" style=\"color: rgb(255, 255, 255);\" href=\"https:\/\/aureus.pl\" data-brz-link-type=\"external\" target=\"_blank\" rel=\"nofollow noopener\">Aureus<\/a><\/p>\n<p class=\"brz-lh-lg-1_5 brz-ls-lg-0 brz-fw-lg-300 brz-fss-lg-px brz-fs-lg-14 brz-ft-google brz-ff-poppins brz-tp-lg-empty brz-text-sm-center brz-fs-sm-13 brz-fs-xs-14 brz-lh-sm-1_7 brz-text-xs-center brz-fw-xs-300 brz-lh-xs-1_7 brz-fw-sm-300 brz-text-lg-justify brz-css-r3dFo\" data-generated-css=\"brz-css-c27vo\" data-uniq-id=\"f4dQ8\"><span style=\"color: rgb(255, 255, 255);\">to wy\u0142\u0105czny dystrybutor <\/span><\/p>\n<p class=\"brz-lh-lg-1_5 brz-ls-lg-0 brz-fw-lg-300 brz-fss-lg-px brz-fs-lg-14 brz-ft-google brz-ff-poppins brz-tp-lg-empty brz-text-sm-center brz-fs-sm-13 brz-fs-xs-14 brz-lh-sm-1_7 brz-text-xs-center brz-fw-xs-300 brz-lh-xs-1_7 brz-fw-sm-300 brz-text-lg-justify brz-css-t1pIs\" data-generated-css=\"brz-css-jVmp3\" data-uniq-id=\"traxJ\"><span style=\"color: rgb(255, 255, 255);\">niemieckich \u0141adowarek Przegubowych <\/span><\/p>\n<p class=\"brz-lh-lg-1_5 brz-ls-lg-0 brz-fw-lg-300 brz-fss-lg-px brz-fs-lg-14 brz-ft-google brz-ff-poppins brz-tp-lg-empty brz-text-sm-center brz-fs-sm-13 brz-fs-xs-14 brz-lh-sm-1_7 brz-text-xs-center brz-fw-xs-300 brz-lh-xs-1_7 brz-fw-sm-300 brz-text-lg-left brz-css-iZRWA\" data-generated-css=\"brz-css-vLhMp\" data-uniq-id=\"lKyjp\"><span style=\"color: rgb(255, 255, 255);\">Striegel na terenie Polski&nbsp;oraz dystrybutor \u0142adowarek przegubowych Eurotrac<\/span><\/p>\n<\/div>\n<\/div>\n<\/div>\n<div id=\"\" class=\"brz-css-yOJVk brz-css-ksC8I brz-wrapper\">\n<div class=\"brz-rich-text brz-rich-text__custom brz-css-eKA16\" data-brz-custom-id=\"n2_LXNGdvM0P\">\n<div data-brz-translate-text=\"1\">\n<p class=\"brz-fs-lg-14 brz-ft-google brz-ff-poppins brz-tp-lg-empty brz-lh-lg-1_3 brz-ls-lg-0 brz-fw-lg-400 brz-fss-lg-px brz-text-lg-justify brz-text-xs-center brz-text-sm-center brz-css-ysEik\" data-generated-css=\"brz-css-hIlM5\" data-uniq-id=\"asfcL\"><span style=\"color: rgb(255, 255, 255);\">UL. Fabryczna 3B <\/span><\/p>\n<p class=\"brz-fs-lg-14 brz-ft-google brz-ff-poppins brz-tp-lg-empty brz-lh-lg-1_3 brz-ls-lg-0 brz-fw-lg-400 brz-fss-lg-px brz-text-lg-justify brz-text-xs-center brz-text-sm-center brz-css-eOBkK\" data-generated-css=\"brz-css-f64oK\" data-uniq-id=\"jyuvy\"><span style=\"color: rgb(255, 255, 255);\">34-120 Andrych\u00f3w <\/span><\/p>\n<p data-uniq-id=\"wB5QG\" data-generated-css=\"brz-css-sIrRU\" class=\"brz-text-xs-center brz-text-sm-center brz-css-sC_pw\"><strong style=\"color: rgb(255, 255, 255);\">tel. +48 729 062 058<\/strong><\/p>\n<p data-generated-css=\"brz-css-uwkAv\" data-uniq-id=\"mpzAb\" class=\"brz-text-sm-center brz-css-wVekW\"><span style=\"color: rgb(255, 255, 255);\"> <\/span><\/p>\n<p class=\"brz-fs-lg-14 brz-ft-google brz-ff-poppins brz-tp-lg-empty brz-lh-lg-1_3 brz-ls-lg-0 brz-fw-lg-400 brz-fss-lg-px brz-text-lg-justify brz-text-xs-center brz-text-sm-center brz-css-gtvVZ\" data-generated-css=\"brz-css-ro23Y\" data-uniq-id=\"rt8Tl\"><strong style=\"color: rgb(255, 255, 255);\">KRS<\/strong><span style=\"color: rgb(255, 255, 255);\"> 0000723856 <\/span><\/p>\n<p class=\"brz-fs-lg-14 brz-ft-google brz-ff-poppins brz-tp-lg-empty brz-lh-lg-1_3 brz-ls-lg-0 brz-fw-lg-400 brz-fss-lg-px brz-text-lg-justify brz-text-xs-center brz-text-sm-center brz-css-p0bp0\" data-generated-css=\"brz-css-ogAgZ\" data-uniq-id=\"kAKGw\"><strong style=\"color: rgb(255, 255, 255);\">NIP<\/strong><span style=\"color: rgb(255, 255, 255);\"> 7661997761 <\/span><\/p>\n<p class=\"brz-fs-lg-14 brz-ft-google brz-ff-poppins brz-tp-lg-empty brz-lh-lg-1_3 brz-ls-lg-0 brz-fw-lg-400 brz-fss-lg-px brz-text-lg-justify brz-text-xs-center brz-text-sm-center brz-css-w8q1o\" data-generated-css=\"brz-css-gZTrR\" data-uniq-id=\"mNuez\"><strong style=\"color: rgb(255, 255, 255);\">REGON<\/strong><span style=\"color: rgb(255, 255, 255);\"> 36978136500000<\/span><\/p>\n<p data-uniq-id=\"eND5M\" data-generated-css=\"brz-css-aHNzc\" class=\"brz-css-o4YX8\"><\/p>\n<\/div>\n<\/div>\n<\/div>\n<\/div>\n<\/div>\n<\/div>\n<\/div>\n<\/div>\n<\/div>\n<\/section>\n<\/div>\n<p>    <!-- version:1727294312 --><\/p>\n","protected":false},"excerpt":{"rendered":"<p>tel. +48 729 062 058 e-mail: kontakt@aureusagro.pl \u0141adowarki Striegel DOWIEDZ SI\u0118 WI\u0118CEJ \u0141adowarki Eurotrac DOWIEDZ SI\u0118 WI\u0118CEJ \u0141adowarki Wolf DOWIEDZ SI\u0118 WI\u0118CEJ Aureus Agro sp. z o.o. b\u0105d\u0105cy cz\u0119\u015bci\u0105 grupy Aureus to wy\u0142\u0105czny dystrybutor niemieckich \u0141adowarek Przegubowych Striegel na terenie Polski&nbsp;oraz dystrybutor \u0142adowarek przegubowych Eurotrac UL. Fabryczna 3B 34-120 Andrych\u00f3w tel. +48 729 062 058 &hellip; <\/p>\n<p class=\"link-more\"><a href=\"https:\/\/ladowarki-toyo.pl\/\" class=\"more-link\">Czytaj dalej<span class=\"screen-reader-text\"> \u201eStrona glowna\u201d<\/span><\/a><\/p>\n","protected":false},"author":1,"featured_media":0,"parent":0,"menu_order":0,"comment_status":"closed","ping_status":"closed","template":"brizy-blank-template.php","meta":{"footnotes":""},"_links":{"self":[{"href":"https:\/\/ladowarki-toyo.pl\/index.php?rest_route=\/wp\/v2\/pages\/7"}],"collection":[{"href":"https:\/\/ladowarki-toyo.pl\/index.php?rest_route=\/wp\/v2\/pages"}],"about":[{"href":"https:\/\/ladowarki-toyo.pl\/index.php?rest_route=\/wp\/v2\/types\/page"}],"author":[{"embeddable":true,"href":"https:\/\/ladowarki-toyo.pl\/index.php?rest_route=\/wp\/v2\/users\/1"}],"replies":[{"embeddable":true,"href":"https:\/\/ladowarki-toyo.pl\/index.php?rest_route=%2Fwp%2Fv2%2Fcomments&post=7"}],"version-history":[{"count":10,"href":"https:\/\/ladowarki-toyo.pl\/index.php?rest_route=\/wp\/v2\/pages\/7\/revisions"}],"predecessor-version":[{"id":39,"href":"https:\/\/ladowarki-toyo.pl\/index.php?rest_route=\/wp\/v2\/pages\/7\/revisions\/39"}],"wp:attachment":[{"href":"https:\/\/ladowarki-toyo.pl\/index.php?rest_route=%2Fwp%2Fv2%2Fmedia&parent=7"}],"curies":[{"name":"wp","href":"https:\/\/api.w.org\/{rel}","templated":true}]}}